{"id":5,"date":"2013-05-14T01:49:30","date_gmt":"2013-05-13T23:49:30","guid":{"rendered":"http:\/\/sb-gebaeudeservice.de\/wp\/?page_id=5"},"modified":"2013-07-12T10:43:26","modified_gmt":"2013-07-12T08:43:26","slug":"startseite","status":"publish","type":"page","link":"http:\/\/www.sb-gebaeudeservice.de\/","title":{"rendered":"Startseite"},"content":{"rendered":"<p><b>Herzlich Willkommen<\/b>\u00a0auf der Webseite der\u00a0<b>SB Geb\u00e4udeservice GmbH.<\/b><\/p>\n<p>Das Unternehmen SB Geb\u00e4udeservice<b> <\/b>wurde im Jahr 2006 als GbR durch Herrn Sadik \u00d6zmeral in Langen gegr\u00fcndet. Im Jahre 2011 erfolgte die Umfirmierung zur GmbH.<\/p>\n<p>Wir sind ein junges Unternehmen, verf\u00fcgen jedoch\u00a0seit 2001 \u00fcber Erfahrung bez\u00fcglich reinigen, pflegen und sch\u00fctzen von Objekten und Gegenst\u00e4nden.<\/p>\n<p>Als Kunde der SB Geb\u00e4udeservice\u00a0k\u00f6nnen Sie sich auf uns verlassen. Durch st\u00e4ndigen Zuwachs von Kunden, die sich f\u00fcr uns entscheiden, sind wir am expandieren. Das erfreut uns und wir danken unseren Kunden recht herzlich daf\u00fcr.<\/p>\n<p>Uns k\u00f6nnen Sie vertrauen, wir erledigen Ihre Arbeiten. Daf\u00fcr garantiert der Chef pers\u00f6nlich.<\/p>\n<p>Wir analysieren Ihre Reinigungen und beraten Sie gerne. Das erbrachte Reinigungsergebnis ist uns wichtig.<\/p>\n<p>Unsere St\u00e4rke sind unsere qualifizierten und professionellen Mitarbeiter. Die Mitarbeiter der SB Geb\u00e4udeservice erhalten st\u00e4ndig Unterweisungen, Schulungen, neue Verfahrenstechniken von qualifiziertem Fachpersonal. So erbringen wir immer auf dem neuesten Stand des Geb\u00e4udereiniger-Handwerks unsere Leistungen. Dies kann man dann sehen.<\/p>\n<p><img loading=\"lazy\" decoding=\"async\" class=\"alignnone size-medium wp-image-80\" alt=\"ueber_uns\" src=\"http:\/\/sb-gebaeudeservice.de\/wp-content\/uploads\/2013\/05\/ueber_uns-300x161.jpg\" width=\"300\" height=\"161\" srcset=\"http:\/\/www.sb-gebaeudeservice.de\/wp-content\/uploads\/2013\/05\/ueber_uns-300x161.jpg 300w, http:\/\/www.sb-gebaeudeservice.de\/wp-content\/uploads\/2013\/05\/ueber_uns.jpg 488w\" sizes=\"(max-width: 300px) 100vw, 300px\" \/><\/p>\n<p>Lassen Sie sich ein kostenloses, individuelles Angebot von uns erstellen.<\/p>\n<p>Durch unsere langj\u00e4hrige Erfahrung stehen wir Ihnen als ein zuverl\u00e4ssiger, flexibler und preiswerter Dienstleister zur Verf\u00fcgung.<\/p>\n<p>Wir w\u00fcrden uns freuen von Ihnen zu h\u00f6ren und beraten Sie gerne.<\/p>\n<p><strong>Mit freundlichen Gr\u00fc\u00dfen,<\/strong><\/p>\n<p><strong>Ihr SB Geb\u00e4udeservice<\/strong><\/p>\n","protected":false},"excerpt":{"rendered":"<p>Herzlich Willkommen\u00a0auf der Webseite der\u00a0SB Geb\u00e4udeservice GmbH. Das Unternehmen SB Geb\u00e4udeservice wurde im Jahr 2006 als GbR durch Herrn Sadik \u00d6zmeral in Langen gegr\u00fcndet. Im Jahre 2011 erfolgte die Umfirmierung [&hellip;]<\/p>\n","protected":false},"author":1,"featured_media":0,"parent":0,"menu_order":0,"comment_status":"closed","ping_status":"closed","template":"","meta":{"footnotes":""},"_links":{"self":[{"href":"http:\/\/www.sb-gebaeudeservice.de\/index.php?rest_route=\/wp\/v2\/pages\/5"}],"collection":[{"href":"http:\/\/www.sb-gebaeudeservice.de\/index.php?rest_route=\/wp\/v2\/pages"}],"about":[{"href":"http:\/\/www.sb-gebaeudeservice.de\/index.php?rest_route=\/wp\/v2\/types\/page"}],"author":[{"embeddable":true,"href":"http:\/\/www.sb-gebaeudeservice.de\/index.php?rest_route=\/wp\/v2\/users\/1"}],"replies":[{"embeddable":true,"href":"http:\/\/www.sb-gebaeudeservice.de\/index.php?rest_route=%2Fwp%2Fv2%2Fcomments&post=5"}],"version-history":[{"count":26,"href":"http:\/\/www.sb-gebaeudeservice.de\/index.php?rest_route=\/wp\/v2\/pages\/5\/revisions"}],"predecessor-version":[{"id":54,"href":"http:\/\/www.sb-gebaeudeservice.de\/index.php?rest_route=\/wp\/v2\/pages\/5\/revisions\/54"}],"wp:attachment":[{"href":"http:\/\/www.sb-gebaeudeservice.de\/index.php?rest_route=%2Fwp%2Fv2%2Fmedia&parent=5"}],"curies":[{"name":"wp","href":"https:\/\/api.w.org\/{rel}","templated":true}]}}