{"id":44,"date":"2013-05-15T13:42:50","date_gmt":"2013-05-15T11:42:50","guid":{"rendered":"http:\/\/sb-gebaeudeservice.de\/wp\/?page_id=44"},"modified":"2013-07-10T19:17:31","modified_gmt":"2013-07-10T17:17:31","slug":"referenzen","status":"publish","type":"page","link":"http:\/\/www.sb-gebaeudeservice.de\/?page_id=44","title":{"rendered":"Referenzen"},"content":{"rendered":"<p>Wir betreuen Objekte im gesamten Rhein-Main-Gebiet und k\u00f6nnen auf namhafte Referenzen verweisen.<\/p>\n<p>Anbei ein Auszug unserer Kunden:<\/p>\n<p><strong>dynamiXX Sportclub<\/strong>, M\u00f6rfelden<\/p>\n<p><strong>Keim GmbH<\/strong>, Langen<\/p>\n<p><b>Tanzschule Mundt<\/b>, Langen<\/p>\n<p><strong>H\u00e4nel Mode<\/strong>, Sprendlingen<\/p>\n<p><strong>Silberblick<\/strong>, Sprendlingen<\/p>\n<p><strong>Glas Lerchenm\u00fcller<\/strong>, Dieburg<\/p>\n<p><img loading=\"lazy\" decoding=\"async\" class=\"alignnone size-full wp-image-82\" alt=\"Referenz Objekt\" src=\"http:\/\/sb-gebaeudeservice.de\/wp-content\/uploads\/2013\/05\/referenz_1.jpg\" width=\"294\" height=\"392\" srcset=\"http:\/\/www.sb-gebaeudeservice.de\/wp-content\/uploads\/2013\/05\/referenz_1.jpg 294w, http:\/\/www.sb-gebaeudeservice.de\/wp-content\/uploads\/2013\/05\/referenz_1-225x300.jpg 225w\" sizes=\"(max-width: 294px) 100vw, 294px\" \/><\/p>\n<p>Wir sind auch aktiv im nicht gewerblichen Bereich.<\/p>\n<p><img loading=\"lazy\" decoding=\"async\" class=\"alignnone size-full wp-image-83\" alt=\"Referenz Objekt 2\" src=\"http:\/\/sb-gebaeudeservice.de\/wp-content\/uploads\/2013\/05\/referenz_2.jpg\" width=\"392\" height=\"294\" srcset=\"http:\/\/www.sb-gebaeudeservice.de\/wp-content\/uploads\/2013\/05\/referenz_2.jpg 392w, http:\/\/www.sb-gebaeudeservice.de\/wp-content\/uploads\/2013\/05\/referenz_2-300x225.jpg 300w\" sizes=\"(max-width: 392px) 100vw, 392px\" \/><\/p>\n","protected":false},"excerpt":{"rendered":"<p>Wir betreuen Objekte im gesamten Rhein-Main-Gebiet und k\u00f6nnen auf namhafte Referenzen verweisen. Anbei ein Auszug unserer Kunden: dynamiXX Sportclub, M\u00f6rfelden Keim GmbH, Langen Tanzschule Mundt, Langen H\u00e4nel Mode, Sprendlingen Silberblick, [&hellip;]<\/p>\n","protected":false},"author":1,"featured_media":0,"parent":0,"menu_order":0,"comment_status":"closed","ping_status":"closed","template":"","meta":{"footnotes":""},"_links":{"self":[{"href":"http:\/\/www.sb-gebaeudeservice.de\/index.php?rest_route=\/wp\/v2\/pages\/44"}],"collection":[{"href":"http:\/\/www.sb-gebaeudeservice.de\/index.php?rest_route=\/wp\/v2\/pages"}],"about":[{"href":"http:\/\/www.sb-gebaeudeservice.de\/index.php?rest_route=\/wp\/v2\/types\/page"}],"author":[{"embeddable":true,"href":"http:\/\/www.sb-gebaeudeservice.de\/index.php?rest_route=\/wp\/v2\/users\/1"}],"replies":[{"embeddable":true,"href":"http:\/\/www.sb-gebaeudeservice.de\/index.php?rest_route=%2Fwp%2Fv2%2Fcomments&post=44"}],"version-history":[{"count":12,"href":"http:\/\/www.sb-gebaeudeservice.de\/index.php?rest_route=\/wp\/v2\/pages\/44\/revisions"}],"predecessor-version":[{"id":101,"href":"http:\/\/www.sb-gebaeudeservice.de\/index.php?rest_route=\/wp\/v2\/pages\/44\/revisions\/101"}],"wp:attachment":[{"href":"http:\/\/www.sb-gebaeudeservice.de\/index.php?rest_route=%2Fwp%2Fv2%2Fmedia&parent=44"}],"curies":[{"name":"wp","href":"https:\/\/api.w.org\/{rel}","templated":true}]}}